{"id":15,"date":"2021-09-02T16:08:13","date_gmt":"2021-09-02T16:08:13","guid":{"rendered":"http:\/\/dev.lacuracaoapps.com\/lacuracaocash\/el-salvador\/?page_id=15"},"modified":"2022-01-21T14:56:41","modified_gmt":"2022-01-21T14:56:41","slug":"inicio","status":"publish","type":"page","link":"https:\/\/www.lacuracaocash.com\/el-salvador\/","title":{"rendered":"Inicio"},"content":{"rendered":"\t\t<div data-elementor-type=\"wp-page\" data-elementor-id=\"15\" class=\"elementor elementor-15\" data-elementor-settings=\"[]\">\n\t\t\t\t\t\t\t<div class=\"elementor-section-wrap\">\n\t\t\t\t\t\t\t<section class=\"elementor-section elementor-top-section elementor-element elementor-element-c50c456 elementor-hidden-desktop elementor-hidden-tablet elementor-section-boxed elementor-section-height-default elementor-section-height-default\" data-id=\"c50c456\" data-element_type=\"section\">\n\t\t\t\t\t\t<div class=\"elementor-container elementor-column-gap-default\">\n\t\t\t\t\t<div class=\"elementor-column elementor-col-100 elementor-top-column elementor-element elementor-element-99ef670\" data-id=\"99ef670\" data-element_type=\"column\">\n\t\t\t<div class=\"elementor-widget-wrap elementor-element-populated\">\n\t\t\t\t\t\t\t\t<div class=\"elementor-element elementor-element-e644943 elementor--h-position-center elementor--v-position-middle elementor-pagination-position-inside elementor-widget elementor-widget-slides\" data-id=\"e644943\" data-element_type=\"widget\" data-settings=\"{&quot;navigation&quot;:&quot;dots&quot;,&quot;transition_speed&quot;:300,&quot;autoplay_speed&quot;:4000,&quot;autoplay&quot;:&quot;yes&quot;,&quot;pause_on_hover&quot;:&quot;yes&quot;,&quot;pause_on_interaction&quot;:&quot;yes&quot;,&quot;infinite&quot;:&quot;yes&quot;,&quot;transition&quot;:&quot;slide&quot;}\" data-widget_type=\"slides.default\">\n\t\t\t\t<div class=\"elementor-widget-container\">\n\t\t\t\t\t<div class=\"elementor-swiper\">\n\t\t\t<div class=\"elementor-slides-wrapper elementor-main-swiper swiper-container\" dir=\"ltr\" data-animation=\"fadeInRight\">\n\t\t\t\t<div class=\"swiper-wrapper elementor-slides\">\n\t\t\t\t\t<div class=\"elementor-repeater-item-c9cab25 swiper-slide\"><div class=\"swiper-slide-bg\"><\/div><div class=\"swiper-slide-inner\" ><div class=\"swiper-slide-contents\"><div class=\"elementor-slide-heading\"><span class=\"aside\">Solicita<img width=\"25px\" src=\"http:\/\/lacuracaocash.com\/lacuracaocash\/wp-content\/uploads\/2021\/09\/checkmark-13.png\"><span class=\"big-mobile\"><br>tu credito<\/span><\/span><\/div><a href=\"https:\/\/www.lacuracaocash.com\/el-salvador\/solicita-tu-credito\/\" class=\"elementor-button elementor-slide-button elementor-size-sm\">SOLIC\u00cdTALO AQU\u00cd<\/a><\/div><\/div><\/div><div class=\"elementor-repeater-item-e7a5c10 swiper-slide\"><div class=\"swiper-slide-bg\"><\/div><a class=\"swiper-slide-inner\" href=\"https:\/\/www.lacuracaocash.com\/el-salvador\/ofertas\"><div class=\"swiper-slide-contents\"><div class=\"elementor-slide-heading\">Nuestras<span class=\"big-mobile\"> promociones<\/span><\/div><div  class=\"elementor-button elementor-slide-button elementor-size-sm\">M\u00cdRALAS AQU\u00cd<\/div><\/div><\/a><\/div><div class=\"elementor-repeater-item-4abfa08 swiper-slide\"><div class=\"swiper-slide-bg\"><\/div><a class=\"swiper-slide-inner\" href=\"https:\/\/www.lacuracaocash.com\/el-salvador\/referir\/\"><div class=\"swiper-slide-contents\"><div class=\"elementor-slide-heading\">Comparte<span class=\"big-mobile\"> y gana<\/span><\/div><div  class=\"elementor-button elementor-slide-button elementor-size-sm\">REFERIR AQU\u00cd<\/div><\/div><\/a><\/div><div class=\"elementor-repeater-item-2099939 swiper-slide\"><div class=\"swiper-slide-bg\"><\/div><a class=\"swiper-slide-inner\" href=\"https:\/\/www.lacuracaocash.com\/el-salvador\/calcula-tu-cuota\/\"><div class=\"swiper-slide-contents\"><div class=\"elementor-slide-heading\">Calcula <span class=\"big-mobile\"><br \/> tu cuota<\/span><\/div><div  class=\"elementor-button elementor-slide-button elementor-size-sm\">CALCULAR AQU\u00cd<\/div><\/div><\/a><\/div><div class=\"elementor-repeater-item-43614e4 swiper-slide\"><div class=\"swiper-slide-bg\"><\/div><a class=\"swiper-slide-inner\" href=\"https:\/\/www.lacuracaocash.com\/el-salvador\/contactanos\/\"><div class=\"swiper-slide-contents\"><div class=\"elementor-slide-heading\">Cont\u00e1ctanos<\/div><div  class=\"elementor-button elementor-slide-button elementor-size-sm\">CONTACTAR AQU\u00cd<\/div><\/div><\/a><\/div>\t\t\t\t<\/div>\n\t\t\t\t\t\t\t\t\t\t\t\t\t\t\t<div class=\"swiper-pagination\"><\/div>\n\t\t\t\t\t\t\t\t\t\t\t\t\t\t\t\t\t<\/div>\n\t\t<\/div>\n\t\t\t\t<\/div>\n\t\t\t\t<\/div>\n\t\t\t\t\t<\/div>\n\t\t<\/div>\n\t\t\t\t\t\t\t<\/div>\n\t\t<\/section>\n\t\t\t\t<section class=\"elementor-section elementor-top-section elementor-element elementor-element-da887ec elementor-hidden-mobile elementor-section-full_width elementor-section-height-default elementor-section-height-default\" data-id=\"da887ec\" data-element_type=\"section\">\n\t\t\t\t\t\t<div class=\"elementor-container elementor-column-gap-default\">\n\t\t\t\t\t<div class=\"elementor-column elementor-col-100 elementor-top-column elementor-element elementor-element-b515168\" data-id=\"b515168\" data-element_type=\"column\">\n\t\t\t<div class=\"elementor-widget-wrap elementor-element-populated\">\n\t\t\t\t\t\t\t\t<div class=\"elementor-element elementor-element-ce7f45c elementor--h-position-center elementor--v-position-middle elementor-pagination-position-inside elementor-widget elementor-widget-slides\" data-id=\"ce7f45c\" data-element_type=\"widget\" data-settings=\"{&quot;navigation&quot;:&quot;dots&quot;,&quot;transition_speed&quot;:400,&quot;autoplay_speed&quot;:4000,&quot;autoplay&quot;:&quot;yes&quot;,&quot;pause_on_hover&quot;:&quot;yes&quot;,&quot;pause_on_interaction&quot;:&quot;yes&quot;,&quot;infinite&quot;:&quot;yes&quot;,&quot;transition&quot;:&quot;slide&quot;}\" data-widget_type=\"slides.default\">\n\t\t\t\t<div class=\"elementor-widget-container\">\n\t\t\t\t\t<div class=\"elementor-swiper\">\n\t\t\t<div class=\"elementor-slides-wrapper elementor-main-swiper swiper-container\" dir=\"ltr\" data-animation=\"fadeInRight\">\n\t\t\t\t<div class=\"swiper-wrapper elementor-slides\">\n\t\t\t\t\t<div class=\"elementor-repeater-item-c9cab25 swiper-slide\"><div class=\"swiper-slide-bg\"><\/div><div class=\"swiper-slide-inner\" ><div class=\"swiper-slide-contents\"><div class=\"elementor-slide-heading\"><span class=\"slide-1\">Solicita<img width=\"60px\" src=\"http:\/\/lacuracaocash.com\/lacuracaocash\/wp-content\/uploads\/2021\/09\/checkmark-13.png\"><span class=\"bigger\"><br>tu pr\u00e9stamo<\/span><br \/> en efectivo<\/span><\/div><a href=\"https:\/\/www.lacuracaocash.com\/el-salvador\/solicita-tu-credito\/\" class=\"elementor-button elementor-slide-button elementor-size-sm\">SOLIC\u00cdTALO AQU\u00cd<\/a><\/div><\/div><\/div><div class=\"elementor-repeater-item-e7a5c10 swiper-slide\"><div class=\"swiper-slide-bg\"><\/div><a class=\"swiper-slide-inner\" href=\"https:\/\/www.lacuracaocash.com\/el-salvador\/ofertas\/\"><div class=\"swiper-slide-contents\"><div class=\"elementor-slide-heading\"><span class=\"slide-2\">Nuestras <span class=\"bigger\"><br \/>promociones<\/span><\/span><\/div><div  class=\"elementor-button elementor-slide-button elementor-size-sm\">M\u00cdRALAS AQU\u00cd<\/div><\/div><\/a><\/div><div class=\"elementor-repeater-item-4abfa08 swiper-slide\"><div class=\"swiper-slide-bg\"><\/div><a class=\"swiper-slide-inner\" href=\"https:\/\/www.lacuracaocash.com\/el-salvador\/referir\/\"><div class=\"swiper-slide-contents\"><div class=\"elementor-slide-heading\"><span class=\"slide-3\">Comparte<span class=\"bigger\"><br> y gana<\/span><\/span><\/div><div  class=\"elementor-button elementor-slide-button elementor-size-sm\">REFERIR AQU\u00cd<\/div><\/div><\/a><\/div><div class=\"elementor-repeater-item-2099939 swiper-slide\"><div class=\"swiper-slide-bg\"><\/div><a class=\"swiper-slide-inner\" href=\"https:\/\/www.lacuracaocash.com\/el-salvador\/calcula-tu-cuota\/\"><div class=\"swiper-slide-contents\"><div class=\"elementor-slide-heading\"><span class=\"slide-4\">Calcula <span class=\"bigger\"><br> tu cuota<\/span><\/span><\/div><div  class=\"elementor-button elementor-slide-button elementor-size-sm\">CALCULAR AQU\u00cd<\/div><\/div><\/a><\/div><div class=\"elementor-repeater-item-474eb00 swiper-slide\"><div class=\"swiper-slide-bg\"><\/div><a class=\"swiper-slide-inner\" href=\"https:\/\/www.lacuracaocash.com\/el-salvador\/contactanos\/\"><div class=\"swiper-slide-contents\"><div class=\"elementor-slide-heading\"><span class=\"slide-5\">Cont\u00e1ctanos<br><\/span><\/div><div  class=\"elementor-button elementor-slide-button elementor-size-sm\">CONTACTAR AQU\u00cd<\/div><\/div><\/a><\/div>\t\t\t\t<\/div>\n\t\t\t\t\t\t\t\t\t\t\t\t\t\t\t<div class=\"swiper-pagination\"><\/div>\n\t\t\t\t\t\t\t\t\t\t\t\t\t\t\t\t\t<\/div>\n\t\t<\/div>\n\t\t\t\t<\/div>\n\t\t\t\t<\/div>\n\t\t\t\t\t<\/div>\n\t\t<\/div>\n\t\t\t\t\t\t\t<\/div>\n\t\t<\/section>\n\t\t\t\t\t\t<\/div>\n\t\t\t\t\t<\/div>\n\t\t","protected":false},"excerpt":{"rendered":"<p>Solicitatu creditoSOLIC\u00cdTALO AQU\u00cdNuestras promocionesM\u00cdRALAS AQU\u00cdComparte y ganaREFERIR AQU\u00cdCalcula tu cuotaCALCULAR AQU\u00cdCont\u00e1ctanosCONTACTAR AQU\u00cd Solicitatu pr\u00e9stamo en efectivoSOLIC\u00cdTALO AQU\u00cdNuestras promocionesM\u00cdRALAS AQU\u00cdComparte y ganaREFERIR AQU\u00cdCalcula tu cuotaCALCULAR AQU\u00cdCont\u00e1ctanosCONTACTAR AQU\u00cd<\/p>\n","protected":false},"author":1,"featured_media":0,"parent":0,"menu_order":0,"comment_status":"closed","ping_status":"closed","template":"elementor_header_footer","meta":[],"yoast_head":"<!-- This site is optimized with the Yoast SEO plugin v17.1 - https:\/\/yoast.com\/wordpress\/plugins\/seo\/ -->\n<title>Inicio - La Curacao Cash El Salvador<\/title>\n<meta name=\"robots\" content=\"index, follow, max-snippet:-1, max-image-preview:large, max-video-preview:-1\" \/>\n<link rel=\"canonical\" href=\"https:\/\/www.lacuracaocash.com\/el-salvador\/\" \/>\n<meta property=\"og:locale\" content=\"es_ES\" \/>\n<meta property=\"og:type\" content=\"article\" \/>\n<meta property=\"og:title\" content=\"Inicio - La Curacao Cash El Salvador\" \/>\n<meta property=\"og:description\" content=\"Solicitatu creditoSOLIC\u00cdTALO AQU\u00cdNuestras promocionesM\u00cdRALAS AQU\u00cdComparte y ganaREFERIR AQU\u00cdCalcula tu cuotaCALCULAR AQU\u00cdCont\u00e1ctanosCONTACTAR AQU\u00cd Solicitatu pr\u00e9stamo en efectivoSOLIC\u00cdTALO AQU\u00cdNuestras promocionesM\u00cdRALAS AQU\u00cdComparte y ganaREFERIR AQU\u00cdCalcula tu cuotaCALCULAR AQU\u00cdCont\u00e1ctanosCONTACTAR AQU\u00cd\" \/>\n<meta property=\"og:url\" content=\"https:\/\/www.lacuracaocash.com\/el-salvador\/\" \/>\n<meta property=\"og:site_name\" content=\"La Curacao Cash El Salvador\" \/>\n<meta property=\"article:modified_time\" content=\"2022-01-21T14:56:41+00:00\" \/>\n<meta property=\"og:image\" content=\"http:\/\/lacuracaocash.com\/lacuracaocash\/wp-content\/uploads\/2021\/09\/checkmark-13.png\" \/>\n<meta name=\"twitter:card\" content=\"summary_large_image\" \/>\n<meta name=\"twitter:label1\" content=\"Tiempo de lectura\" \/>\n\t<meta name=\"twitter:data1\" content=\"2 minutos\" \/>\n<script type=\"application\/ld+json\" class=\"yoast-schema-graph\">{\"@context\":\"https:\/\/schema.org\",\"@graph\":[{\"@type\":\"WebSite\",\"@id\":\"https:\/\/www.lacuracaocash.com\/el-salvador\/#website\",\"url\":\"https:\/\/www.lacuracaocash.com\/el-salvador\/\",\"name\":\"La Curacao Cash El Salvador\",\"description\":\"La Curacao Cash El Salvador\",\"potentialAction\":[{\"@type\":\"SearchAction\",\"target\":{\"@type\":\"EntryPoint\",\"urlTemplate\":\"https:\/\/www.lacuracaocash.com\/el-salvador\/?s={search_term_string}\"},\"query-input\":\"required name=search_term_string\"}],\"inLanguage\":\"es\"},{\"@type\":\"ImageObject\",\"@id\":\"https:\/\/www.lacuracaocash.com\/el-salvador\/#primaryimage\",\"inLanguage\":\"es\",\"url\":\"http:\/\/lacuracaocash.com\/lacuracaocash\/wp-content\/uploads\/2021\/09\/checkmark-13.png\",\"contentUrl\":\"http:\/\/lacuracaocash.com\/lacuracaocash\/wp-content\/uploads\/2021\/09\/checkmark-13.png\"},{\"@type\":\"WebPage\",\"@id\":\"https:\/\/www.lacuracaocash.com\/el-salvador\/#webpage\",\"url\":\"https:\/\/www.lacuracaocash.com\/el-salvador\/\",\"name\":\"Inicio - La Curacao Cash El Salvador\",\"isPartOf\":{\"@id\":\"https:\/\/www.lacuracaocash.com\/el-salvador\/#website\"},\"primaryImageOfPage\":{\"@id\":\"https:\/\/www.lacuracaocash.com\/el-salvador\/#primaryimage\"},\"datePublished\":\"2021-09-02T16:08:13+00:00\",\"dateModified\":\"2022-01-21T14:56:41+00:00\",\"breadcrumb\":{\"@id\":\"https:\/\/www.lacuracaocash.com\/el-salvador\/#breadcrumb\"},\"inLanguage\":\"es\",\"potentialAction\":[{\"@type\":\"ReadAction\",\"target\":[\"https:\/\/www.lacuracaocash.com\/el-salvador\/\"]}]},{\"@type\":\"BreadcrumbList\",\"@id\":\"https:\/\/www.lacuracaocash.com\/el-salvador\/#breadcrumb\",\"itemListElement\":[{\"@type\":\"ListItem\",\"position\":1,\"name\":\"Portada\",\"item\":\"https:\/\/www.lacuracaocash.com\/el-salvador\/\"},{\"@type\":\"ListItem\",\"position\":2,\"name\":\"Inicio\"}]}]}<\/script>\n<!-- \/ Yoast SEO plugin. -->","yoast_head_json":{"title":"Inicio - La Curacao Cash El Salvador","robots":{"index":"index","follow":"follow","max-snippet":"max-snippet:-1","max-image-preview":"max-image-preview:large","max-video-preview":"max-video-preview:-1"},"canonical":"https:\/\/www.lacuracaocash.com\/el-salvador\/","og_locale":"es_ES","og_type":"article","og_title":"Inicio - La Curacao Cash El Salvador","og_description":"Solicitatu creditoSOLIC\u00cdTALO AQU\u00cdNuestras promocionesM\u00cdRALAS AQU\u00cdComparte y ganaREFERIR AQU\u00cdCalcula tu cuotaCALCULAR AQU\u00cdCont\u00e1ctanosCONTACTAR AQU\u00cd Solicitatu pr\u00e9stamo en efectivoSOLIC\u00cdTALO AQU\u00cdNuestras promocionesM\u00cdRALAS AQU\u00cdComparte y ganaREFERIR AQU\u00cdCalcula tu cuotaCALCULAR AQU\u00cdCont\u00e1ctanosCONTACTAR AQU\u00cd","og_url":"https:\/\/www.lacuracaocash.com\/el-salvador\/","og_site_name":"La Curacao Cash El Salvador","article_modified_time":"2022-01-21T14:56:41+00:00","og_image":[{"url":"http:\/\/lacuracaocash.com\/lacuracaocash\/wp-content\/uploads\/2021\/09\/checkmark-13.png"}],"twitter_card":"summary_large_image","twitter_misc":{"Tiempo de lectura":"2 minutos"},"schema":{"@context":"https:\/\/schema.org","@graph":[{"@type":"WebSite","@id":"https:\/\/www.lacuracaocash.com\/el-salvador\/#website","url":"https:\/\/www.lacuracaocash.com\/el-salvador\/","name":"La Curacao Cash El Salvador","description":"La Curacao Cash El Salvador","potentialAction":[{"@type":"SearchAction","target":{"@type":"EntryPoint","urlTemplate":"https:\/\/www.lacuracaocash.com\/el-salvador\/?s={search_term_string}"},"query-input":"required name=search_term_string"}],"inLanguage":"es"},{"@type":"ImageObject","@id":"https:\/\/www.lacuracaocash.com\/el-salvador\/#primaryimage","inLanguage":"es","url":"http:\/\/lacuracaocash.com\/lacuracaocash\/wp-content\/uploads\/2021\/09\/checkmark-13.png","contentUrl":"http:\/\/lacuracaocash.com\/lacuracaocash\/wp-content\/uploads\/2021\/09\/checkmark-13.png"},{"@type":"WebPage","@id":"https:\/\/www.lacuracaocash.com\/el-salvador\/#webpage","url":"https:\/\/www.lacuracaocash.com\/el-salvador\/","name":"Inicio - La Curacao Cash El Salvador","isPartOf":{"@id":"https:\/\/www.lacuracaocash.com\/el-salvador\/#website"},"primaryImageOfPage":{"@id":"https:\/\/www.lacuracaocash.com\/el-salvador\/#primaryimage"},"datePublished":"2021-09-02T16:08:13+00:00","dateModified":"2022-01-21T14:56:41+00:00","breadcrumb":{"@id":"https:\/\/www.lacuracaocash.com\/el-salvador\/#breadcrumb"},"inLanguage":"es","potentialAction":[{"@type":"ReadAction","target":["https:\/\/www.lacuracaocash.com\/el-salvador\/"]}]},{"@type":"BreadcrumbList","@id":"https:\/\/www.lacuracaocash.com\/el-salvador\/#breadcrumb","itemListElement":[{"@type":"ListItem","position":1,"name":"Portada","item":"https:\/\/www.lacuracaocash.com\/el-salvador\/"},{"@type":"ListItem","position":2,"name":"Inicio"}]}]}},"_links":{"self":[{"href":"https:\/\/www.lacuracaocash.com\/el-salvador\/wp-json\/wp\/v2\/pages\/15"}],"collection":[{"href":"https:\/\/www.lacuracaocash.com\/el-salvador\/wp-json\/wp\/v2\/pages"}],"about":[{"href":"https:\/\/www.lacuracaocash.com\/el-salvador\/wp-json\/wp\/v2\/types\/page"}],"author":[{"embeddable":true,"href":"https:\/\/www.lacuracaocash.com\/el-salvador\/wp-json\/wp\/v2\/users\/1"}],"replies":[{"embeddable":true,"href":"https:\/\/www.lacuracaocash.com\/el-salvador\/wp-json\/wp\/v2\/comments?post=15"}],"version-history":[{"count":229,"href":"https:\/\/www.lacuracaocash.com\/el-salvador\/wp-json\/wp\/v2\/pages\/15\/revisions"}],"predecessor-version":[{"id":902,"href":"https:\/\/www.lacuracaocash.com\/el-salvador\/wp-json\/wp\/v2\/pages\/15\/revisions\/902"}],"wp:attachment":[{"href":"https:\/\/www.lacuracaocash.com\/el-salvador\/wp-json\/wp\/v2\/media?parent=15"}],"curies":[{"name":"wp","href":"https:\/\/api.w.org\/{rel}","templated":true}]}}