{"id":454,"date":"2021-09-21T16:57:16","date_gmt":"2021-09-21T16:57:16","guid":{"rendered":"http:\/\/dev.lacuracaoapps.com\/lacuracaocash\/guatemala\/?page_id=454"},"modified":"2021-10-05T18:28:24","modified_gmt":"2021-10-05T18:28:24","slug":"referir","status":"publish","type":"page","link":"https:\/\/www.lacuracaocash.com\/guatemala\/referir\/","title":{"rendered":"Referir"},"content":{"rendered":"\t\t<div data-elementor-type=\"wp-page\" data-elementor-id=\"454\" class=\"elementor elementor-454\" data-elementor-settings=\"[]\">\n\t\t\t\t\t\t\t<div class=\"elementor-section-wrap\">\n\t\t\t\t\t\t\t<section class=\"elementor-section elementor-top-section elementor-element elementor-element-93061df elementor-section-boxed elementor-section-height-default elementor-section-height-default\" data-id=\"93061df\" data-element_type=\"section\" data-settings=\"{&quot;background_background&quot;:&quot;classic&quot;}\">\n\t\t\t\t\t\t<div class=\"elementor-container elementor-column-gap-default\">\n\t\t\t\t\t<div class=\"elementor-column elementor-col-100 elementor-top-column elementor-element elementor-element-42de841\" data-id=\"42de841\" data-element_type=\"column\">\n\t\t\t<div class=\"elementor-widget-wrap elementor-element-populated\">\n\t\t\t\t\t\t\t\t<div class=\"elementor-element elementor-element-ac85019 elementor-widget elementor-widget-heading\" data-id=\"ac85019\" data-element_type=\"widget\" data-widget_type=\"heading.default\">\n\t\t\t\t<div class=\"elementor-widget-container\">\n\t\t\t<h2 class=\"elementor-heading-title elementor-size-default\">Comparte<\/h2>\t\t<\/div>\n\t\t\t\t<\/div>\n\t\t\t\t<div class=\"elementor-element elementor-element-75c3dac elementor-widget elementor-widget-heading\" data-id=\"75c3dac\" data-element_type=\"widget\" data-widget_type=\"heading.default\">\n\t\t\t\t<div class=\"elementor-widget-container\">\n\t\t\t<h2 class=\"elementor-heading-title elementor-size-default\">y gana<\/h2>\t\t<\/div>\n\t\t\t\t<\/div>\n\t\t\t\t\t<\/div>\n\t\t<\/div>\n\t\t\t\t\t\t\t<\/div>\n\t\t<\/section>\n\t\t\t\t<section class=\"elementor-section elementor-top-section elementor-element elementor-element-7dcc06a elementor-section-boxed elementor-section-height-default elementor-section-height-default\" data-id=\"7dcc06a\" data-element_type=\"section\" data-settings=\"{&quot;background_background&quot;:&quot;classic&quot;}\">\n\t\t\t\t\t\t<div class=\"elementor-container elementor-column-gap-default\">\n\t\t\t\t\t<div class=\"elementor-column elementor-col-100 elementor-top-column elementor-element elementor-element-2e2f028\" data-id=\"2e2f028\" data-element_type=\"column\">\n\t\t\t<div class=\"elementor-widget-wrap elementor-element-populated\">\n\t\t\t\t\t\t\t\t<div class=\"elementor-element elementor-element-ff8f71b elementor-widget elementor-widget-shortcode\" data-id=\"ff8f71b\" data-element_type=\"widget\" data-widget_type=\"shortcode.default\">\n\t\t\t\t<div class=\"elementor-widget-container\">\n\t\t\t        <script src=\"\/\/ajax.googleapis.com\/ajax\/libs\/jquery\/3.5.1\/jquery.min.js\"><\/script>\n\t<div id=\"myModal\" class=\"modal\">\n          <div class=\"modal-content\">\n            <span class=\"close\">&times;<\/span>\n            <div class=\"modal-inner\">\n              <img width=\"85px\" src=\"\/\/dev.lacuracaoapps.com\/lacuracaocash\/wp-content\/uploads\/2021\/09\/checkmark-13.png\" class=\"success-img\"><br \/>\n              <p class=\"success-text\">\u00a1Tu referencia ha sido enviada!<\/p>\n\t      <p class=\"extra-text\">Tus referidos han sido ingresados correctamente. Ser\u00e1n contactados por la oficina de Cr\u00e9ditos. Te contactar\u00e1n si la persona referida desembolsa el cr\u00e9dito<\/p>\n              <button class=\"ref-otro\">REFERIR OTRO<\/button>\n\t      <button class=\"ref-inicio\">VOLVER AL INICIO<\/button>\n            <\/div>\n          <\/div>\n        <\/div>\n        <form id=\"referidos-form\">\n        <input type=\"hidden\" name=\"action\" value=\"submit-form\">\n        <div class=\"contenedor\">\n            <button type=\"button\" class=\"accordion\">Ingresa tus datos<\/button>\n            <div class=\"panel\" id=\"panel1\">\n              <label for=\"referidor\" id=\"referidor-error\" class=\"error\">*Ha llegado al m\u00e1ximo de caracteres (100)<\/label>\n              <input type=\"text\" placeholder=\"Nombre\" name=\"referidor\" class=\"textfield\" required pattern=\".*\\S+.*\" title=\"Este campo no puede estar vac\u00edo\">\n              <label for=\"email\" id=\"email-error\" class=\"error\">*Debe usar un formato v\u00e1lido de correo<\/label><label for=\"email\" id=\"email-error2\" class=\"error\">*Ha llegado al m\u00e1ximo de caracteres (100)<\/label>\n              <input type=\"email\" placeholder=\"E-mail\" name=\"email\" class=\"textfield\" required pattern=\".*\\S+.*\" title=\"Este campo no puede estar vac\u00edo\">\n                \n              <select name=\"documento\" class=\"dropdown\" required>\n                <option disabled selected>Tipo de documento<\/option>\n                <option value=\"DPI\">DPI<\/option>\n                <option value=\"Pasaporte\">Pasaporte<\/option>\n              <\/select>              <label for=\"numdocumento\" id=\"documento-error\" class=\"error\">*Solo se aceptan caracteres alfanum\u00e9ricos<\/label><label for=\"numdocumento\" id=\"documento-error2\" class=\"error\">*Ha llegado al m\u00e1ximo de caracteres(20)<\/label>\n              <input type=\"text\" name=\"numdocumento\" class=\"textfield\" placeholder=\"N\u00famero de documento\" required pattern=\".*\\S+.*\" title=\"Este campo no puede estar vac\u00edo\">\n              <input type=\"tel\" name=\"telefono\" id=\"\" placeholder=\"N\u00famero contacto\" class=\"textfield\" required pattern=\".*\\S+.*\" title=\"Este campo no puede estar vac\u00edo\">\n              <label for=\"gender\">G\u00e9nero<\/label><br \/><br \/>\n              <input type=\"radio\" name=\"gender\" id=\"femenino\" value=\"Femenino\" required>\n              <label for=\"femenino\" class=\"radio-label\">Femenino<\/label>\n              <input type=\"radio\" name=\"gender\" id=\"masculino\" value=\"Masculino\" required>\n              <label for=\"masculino\" class=\"radio-label\">Masculino<\/label>\n              \n              <select name=\"Departamento\" class=\"dropdown\" required>\n                <option selected disabled value=\"\">Departamento<\/option>\n                <option value=\"Alta Verapaz\">Alta Verapaz<\/option>\n                <option value=\"Baja Verapaz\">Baja Verapaz<\/option>\n                <option value=\"Chimaltenango\">Chimaltenango<\/option>\n                <option value=\"Chiquimula\">Chiquimula<\/option>\n                <option value=\"El Progreso\">El Progreso<\/option>\n                <option value=\"Escuintla\">Escuintla<\/option>\n                <option value=\"Departamento de Guatemala\">Departamento de Guatemala<\/option>\n                <option value=\"Huehuetenango\">Huehuetenango<\/option>\n                <option value=\"Izabal\">Izabal<\/option>\n                <option value=\"Jalapa\">Jalapa<\/option>\n                <option value=\"Jutiapa\">Jutiapa<\/option>\n                <option value=\"Peten\">Pet\u00e9n<\/option>\n                <option value=\"Quezaltenango\">Quezaltenango<\/option>\n                <option value=\"Quiche\">Quich\u00e9<\/option>\n                <option value=\"Retalhuleu\">Retalhuleu<\/option>\n                <option value=\"Sacatepequez\">Sacatep\u00e9quez<\/option>\n                <option value=\"San Marcos\">San Marcos<\/option>\n                <option value=\"Solola\">Solol\u00e1<\/option>\n                <option value=\"Suchitepequez\">Suchitep\u00e9quez<\/option>\n                <option value=\"Totonicapan\">Totonicap\u00e1n<\/option>\n                <option value=\"Zacapa\">Zacapa<\/option>\n              <\/select>            <\/div>\n            <button type=\"button\" class=\"accordion\">Ingresa tus referidos<\/button>\n            <div class=\"panel\" id=\"panel-referidos\">\n              <div class=\"lista-referidos\">\n              <button type=\"button\" class=\"sub-accordion\">Referido 1<\/button>\n              <div class=\"sub-panel\" id=\"1\">\n                <label for=\"nombre-ref-1\" id=\"nombre-ref-error-1\" class=\"error\">*Ha llegado al m\u00e1ximo de caracteres(50)<\/label>\n                <input type=\"text\" class=\"textfield sub-input\" name=\"nombre-ref-1\" placeholder=\"Nombre\" required pattern=\".*\\S+.*\" title=\"Este campo no puede estar vac\u00edo\">\n                <label for=\"apellidos-ref-1\" id=\"apellido-ref-error-1\" class=\"error\">*Ha llegado al m\u00e1ximo de caracteres(50)<\/label>\n                <input type=\"text\" class=\"textfield sub-input\" name=\"apellidos-ref-1\" placeholder=\"Apellidos\" required pattern=\".*\\S+.*\" title=\"Este campo no puede estar vac\u00edo\">\n                <input type=\"tel\" class=\"textfield sub-input\" name=\"tel-ref-1\" placeholder=\"N\u00famero de tel\u00e9fono\" required pattern=\".*\\S+.*\" title=\"Este campo no puede estar vac\u00edo\">\n              <\/div>\n            <\/div>\n              <div class=\"add-container\">\n                <span class=\"add-button\">Agregar referido<\/span>\n              <\/div>\n            <\/div>\n        <\/div>\n        <div class=\"button-container\">\n          <button class=\"submit-button\">REFERIR<\/button>\n        <\/div>\n       \n      <\/form>\n      \t\t<div class=\"elementor-shortcode\"><\/div>\n\t\t\t\t<\/div>\n\t\t\t\t<\/div>\n\t\t\t\t\t<\/div>\n\t\t<\/div>\n\t\t\t\t\t\t\t<\/div>\n\t\t<\/section>\n\t\t\t\t\t\t<\/div>\n\t\t\t\t\t<\/div>\n\t\t","protected":false},"excerpt":{"rendered":"<p>Comparte y gana<\/p>\n","protected":false},"author":1,"featured_media":0,"parent":0,"menu_order":0,"comment_status":"closed","ping_status":"closed","template":"elementor_header_footer","meta":[],"yoast_head":"<!-- This site is optimized with the Yoast SEO plugin v17.1 - https:\/\/yoast.com\/wordpress\/plugins\/seo\/ -->\n<title>Referir - La Curacao Cash Guatemala<\/title>\n<meta name=\"robots\" content=\"index, follow, max-snippet:-1, max-image-preview:large, max-video-preview:-1\" \/>\n<link rel=\"canonical\" href=\"https:\/\/www.lacuracaocash.com\/guatemala\/referir\/\" \/>\n<meta property=\"og:locale\" content=\"es_ES\" \/>\n<meta property=\"og:type\" content=\"article\" \/>\n<meta property=\"og:title\" content=\"Referir - La Curacao Cash Guatemala\" \/>\n<meta property=\"og:description\" content=\"Comparte y gana\" \/>\n<meta property=\"og:url\" content=\"https:\/\/www.lacuracaocash.com\/guatemala\/referir\/\" \/>\n<meta property=\"og:site_name\" content=\"La Curacao Cash Guatemala\" \/>\n<meta property=\"article:modified_time\" content=\"2021-10-05T18:28:24+00:00\" \/>\n<meta name=\"twitter:card\" content=\"summary_large_image\" \/>\n<meta name=\"twitter:label1\" content=\"Tiempo de lectura\" \/>\n\t<meta name=\"twitter:data1\" content=\"1 minuto\" \/>\n<script type=\"application\/ld+json\" class=\"yoast-schema-graph\">{\"@context\":\"https:\/\/schema.org\",\"@graph\":[{\"@type\":\"WebSite\",\"@id\":\"https:\/\/www.lacuracaocash.com\/guatemala\/#website\",\"url\":\"https:\/\/www.lacuracaocash.com\/guatemala\/\",\"name\":\"La Curacao Cash Guatemala\",\"description\":\"La Curacao Cash Guatemala\",\"potentialAction\":[{\"@type\":\"SearchAction\",\"target\":{\"@type\":\"EntryPoint\",\"urlTemplate\":\"https:\/\/www.lacuracaocash.com\/guatemala\/?s={search_term_string}\"},\"query-input\":\"required name=search_term_string\"}],\"inLanguage\":\"es\"},{\"@type\":\"WebPage\",\"@id\":\"https:\/\/www.lacuracaocash.com\/guatemala\/referir\/#webpage\",\"url\":\"https:\/\/www.lacuracaocash.com\/guatemala\/referir\/\",\"name\":\"Referir - La Curacao Cash Guatemala\",\"isPartOf\":{\"@id\":\"https:\/\/www.lacuracaocash.com\/guatemala\/#website\"},\"datePublished\":\"2021-09-21T16:57:16+00:00\",\"dateModified\":\"2021-10-05T18:28:24+00:00\",\"breadcrumb\":{\"@id\":\"https:\/\/www.lacuracaocash.com\/guatemala\/referir\/#breadcrumb\"},\"inLanguage\":\"es\",\"potentialAction\":[{\"@type\":\"ReadAction\",\"target\":[\"https:\/\/www.lacuracaocash.com\/guatemala\/referir\/\"]}]},{\"@type\":\"BreadcrumbList\",\"@id\":\"https:\/\/www.lacuracaocash.com\/guatemala\/referir\/#breadcrumb\",\"itemListElement\":[{\"@type\":\"ListItem\",\"position\":1,\"name\":\"Portada\",\"item\":\"https:\/\/www.lacuracaocash.com\/guatemala\/\"},{\"@type\":\"ListItem\",\"position\":2,\"name\":\"Referir\"}]}]}<\/script>\n<!-- \/ Yoast SEO plugin. -->","yoast_head_json":{"title":"Referir - La Curacao Cash Guatemala","robots":{"index":"index","follow":"follow","max-snippet":"max-snippet:-1","max-image-preview":"max-image-preview:large","max-video-preview":"max-video-preview:-1"},"canonical":"https:\/\/www.lacuracaocash.com\/guatemala\/referir\/","og_locale":"es_ES","og_type":"article","og_title":"Referir - La Curacao Cash Guatemala","og_description":"Comparte y gana","og_url":"https:\/\/www.lacuracaocash.com\/guatemala\/referir\/","og_site_name":"La Curacao Cash Guatemala","article_modified_time":"2021-10-05T18:28:24+00:00","twitter_card":"summary_large_image","twitter_misc":{"Tiempo de lectura":"1 minuto"},"schema":{"@context":"https:\/\/schema.org","@graph":[{"@type":"WebSite","@id":"https:\/\/www.lacuracaocash.com\/guatemala\/#website","url":"https:\/\/www.lacuracaocash.com\/guatemala\/","name":"La Curacao Cash Guatemala","description":"La Curacao Cash Guatemala","potentialAction":[{"@type":"SearchAction","target":{"@type":"EntryPoint","urlTemplate":"https:\/\/www.lacuracaocash.com\/guatemala\/?s={search_term_string}"},"query-input":"required name=search_term_string"}],"inLanguage":"es"},{"@type":"WebPage","@id":"https:\/\/www.lacuracaocash.com\/guatemala\/referir\/#webpage","url":"https:\/\/www.lacuracaocash.com\/guatemala\/referir\/","name":"Referir - La Curacao Cash Guatemala","isPartOf":{"@id":"https:\/\/www.lacuracaocash.com\/guatemala\/#website"},"datePublished":"2021-09-21T16:57:16+00:00","dateModified":"2021-10-05T18:28:24+00:00","breadcrumb":{"@id":"https:\/\/www.lacuracaocash.com\/guatemala\/referir\/#breadcrumb"},"inLanguage":"es","potentialAction":[{"@type":"ReadAction","target":["https:\/\/www.lacuracaocash.com\/guatemala\/referir\/"]}]},{"@type":"BreadcrumbList","@id":"https:\/\/www.lacuracaocash.com\/guatemala\/referir\/#breadcrumb","itemListElement":[{"@type":"ListItem","position":1,"name":"Portada","item":"https:\/\/www.lacuracaocash.com\/guatemala\/"},{"@type":"ListItem","position":2,"name":"Referir"}]}]}},"_links":{"self":[{"href":"https:\/\/www.lacuracaocash.com\/guatemala\/wp-json\/wp\/v2\/pages\/454"}],"collection":[{"href":"https:\/\/www.lacuracaocash.com\/guatemala\/wp-json\/wp\/v2\/pages"}],"about":[{"href":"https:\/\/www.lacuracaocash.com\/guatemala\/wp-json\/wp\/v2\/types\/page"}],"author":[{"embeddable":true,"href":"https:\/\/www.lacuracaocash.com\/guatemala\/wp-json\/wp\/v2\/users\/1"}],"replies":[{"embeddable":true,"href":"https:\/\/www.lacuracaocash.com\/guatemala\/wp-json\/wp\/v2\/comments?post=454"}],"version-history":[{"count":22,"href":"https:\/\/www.lacuracaocash.com\/guatemala\/wp-json\/wp\/v2\/pages\/454\/revisions"}],"predecessor-version":[{"id":665,"href":"https:\/\/www.lacuracaocash.com\/guatemala\/wp-json\/wp\/v2\/pages\/454\/revisions\/665"}],"wp:attachment":[{"href":"https:\/\/www.lacuracaocash.com\/guatemala\/wp-json\/wp\/v2\/media?parent=454"}],"curies":[{"name":"wp","href":"https:\/\/api.w.org\/{rel}","templated":true}]}}